{"id":26607,"date":"2025-04-11T11:33:13","date_gmt":"2025-04-11T09:33:13","guid":{"rendered":"https:\/\/www.dourfestival.eu\/?page_id=26607"},"modified":"2026-04-14T11:23:52","modified_gmt":"2026-04-14T09:23:52","slug":"fdv","status":"publish","type":"page","link":"https:\/\/www.dourfestival.eu\/en\/fdv\/","title":{"rendered":"FESTIVAL DES VOISINS"},"content":{"rendered":"\t\t<div data-elementor-type=\"wp-page\" data-elementor-id=\"26607\" class=\"elementor elementor-26607\" data-elementor-post-type=\"page\">\n\t\t\t\t<div class=\"elementor-element elementor-element-718b9518 e-flex e-con-boxed magic-button-disabled-no e-con e-parent\" data-id=\"718b9518\" data-element_type=\"container\" data-e-type=\"container\" data-settings=\"{&quot;background_background&quot;:&quot;classic&quot;}\">\n\t\t\t\t\t<div class=\"e-con-inner\">\n\t\t<div class=\"elementor-element elementor-element-45e06ccc e-con-full e-flex magic-button-disabled-no e-con e-child\" data-id=\"45e06ccc\" data-element_type=\"container\" data-e-type=\"container\">\n\t\t\t\t<div class=\"elementor-element elementor-element-40009501 elementor-widget elementor-widget-heading\" data-id=\"40009501\" data-element_type=\"widget\" data-e-type=\"widget\" data-widget_type=\"heading.default\">\n\t\t\t\t<div class=\"elementor-widget-container\">\n\t\t\t\t\t<h2 class=\"elementor-heading-title elementor-size-default\">FESTIVAL DES VOISINS<\/h2>\t\t\t\t<\/div>\n\t\t\t\t<\/div>\n\t\t\t\t<\/div>\n\t\t\t\t<div class=\"elementor-element elementor-element-13f3891a elementor-widget elementor-widget-spacer\" data-id=\"13f3891a\" data-element_type=\"widget\" data-e-type=\"widget\" data-widget_type=\"spacer.default\">\n\t\t\t\t<div class=\"elementor-widget-container\">\n\t\t\t\t\t\t\t<div class=\"elementor-spacer\">\n\t\t\t<div class=\"elementor-spacer-inner\"><\/div>\n\t\t<\/div>\n\t\t\t\t\t\t<\/div>\n\t\t\t\t<\/div>\n\t\t\t\t<div class=\"elementor-element elementor-element-5028eba9 elementor-widget elementor-widget-heading\" data-id=\"5028eba9\" data-element_type=\"widget\" data-e-type=\"widget\" data-widget_type=\"heading.default\">\n\t\t\t\t<div class=\"elementor-widget-container\">\n\t\t\t\t\t<h2 class=\"elementor-heading-title elementor-size-default\">Tu habites Dour, Honnelles, Hensies ou Qui\u00e9vrain ?<\/h2>\t\t\t\t<\/div>\n\t\t\t\t<\/div>\n\t\t\t\t<div class=\"elementor-element elementor-element-a6a85fb elementor-widget elementor-widget-heading\" data-id=\"a6a85fb\" data-element_type=\"widget\" data-e-type=\"widget\" data-widget_type=\"heading.default\">\n\t\t\t\t<div class=\"elementor-widget-container\">\n\t\t\t\t\t<h2 class=\"elementor-heading-title elementor-size-default\">Le dour festival t'offre un tarif pr\u00e9f\u00e9rentiel !<\/h2>\t\t\t\t<\/div>\n\t\t\t\t<\/div>\n\t\t<div class=\"elementor-element elementor-element-51cc1239 e-con-full e-flex magic-button-disabled-no e-con e-child\" data-id=\"51cc1239\" data-element_type=\"container\" data-e-type=\"container\">\n\t\t<div class=\"elementor-element elementor-element-78836111 e-con-full e-flex magic-button-disabled-no e-con e-child\" data-id=\"78836111\" data-element_type=\"container\" data-e-type=\"container\">\n\t\t\t\t<div class=\"elementor-element elementor-element-4dbdc44a elementor-widget elementor-widget-text-editor\" data-id=\"4dbdc44a\" data-element_type=\"widget\" data-e-type=\"widget\" data-widget_type=\"text-editor.default\">\n\t\t\t\t<div class=\"elementor-widget-container\">\n\t\t\t\t\t\t\t\t\t<h3 data-start=\"114\" data-end=\"174\">Le Dour Festival, une exp\u00e9rience unique pr\u00e8s de chez toi<\/h3><p data-start=\"176\" data-end=\"467\">Le Dour Festival, c\u2019est cinq jours de musique, de f\u00eate et de partage juste \u00e0 c\u00f4t\u00e9 de chez toi. C\u2019est l\u2019occasion de vivre un moment magique, de d\u00e9couvrir de nouveaux talents et de c\u00e9l\u00e9brer la musique dans une ambiance incroyable. Rock, techno, hip-hop, reggae\u2026 il y en a pour tous les go\u00fbts !<\/p><h3 data-start=\"474\" data-end=\"528\">La billetterie du Festival des Voisins est ouverte<\/h3><p data-start=\"530\" data-end=\"614\">Bonne nouvelle : la billetterie du <strong data-start=\"565\" data-end=\"589\">Festival des Voisins<\/strong> est maintenant ouverte !<\/p><p data-start=\"616\" data-end=\"878\">Si tu habites dans l\u2019une des communes de <strong data-start=\"657\" data-end=\"698\">Dour, Honnelles, Hensies ou Qui\u00e9vrain<\/strong>, tu peux b\u00e9n\u00e9ficier d\u2019une r\u00e9duction sur ton pass en fonction de ton \u00e2ge. Attention, les tarifs <strong>Main\u00a0Wave<\/strong> sont valables jusqu\u2019au <strong>1 juillet<\/strong>, alors ne tarde pas \u00e0 en profiter.<\/p><h3 data-start=\"885\" data-end=\"918\">Prix Main Wave valables jusqu&#8217;au 2<strong>\u00a0juillet<\/strong><\/h3><ul data-start=\"920\" data-end=\"1029\"><li data-start=\"920\" data-end=\"954\"><p data-start=\"922\" data-end=\"954\"><strong data-start=\"922\" data-end=\"947\">Pass Voisins 8\u201315 ans<\/strong> : 75 \u20ac<\/p><\/li><li data-start=\"955\" data-end=\"991\"><p data-start=\"957\" data-end=\"991\"><strong data-start=\"957\" data-end=\"983\">Pass Voisins 16\u201335 ans<\/strong> : 170 \u20ac<\/p><\/li><li data-start=\"992\" data-end=\"1029\"><p data-start=\"994\" data-end=\"1029\"><strong data-start=\"994\" data-end=\"1022\">Pass Voisins 36 ans et +<\/strong> : 75 \u20ac<\/p><\/li><\/ul><h3 data-start=\"1036\" data-end=\"1061\">Comment en profiter ?<\/h3><p data-start=\"1063\" data-end=\"1340\">C\u2019est simple : remplis le formulaire ci-dessous. Une fois tes informations v\u00e9rifi\u00e9es et valid\u00e9es par notre \u00e9quipe, tu recevras un email contenant un lien vers la billetterie correspondant \u00e0 ta cat\u00e9gorie. Pense \u00e0 bien v\u00e9rifier tes informations avant de soumettre ton formulaire.<\/p><h3 data-start=\"1347\" data-end=\"1360\">Important<\/h3><p data-start=\"1362\" data-end=\"1450\">Un seul formulaire par personne : chaque participant doit remplir sa propre inscription.<\/p><h3 data-start=\"1457\" data-end=\"1470\">Attention<\/h3><p data-start=\"1472\" data-end=\"1763\">Le ticket \u00ab Festival des Voisins \u00bb est accessible sous conditions de domicile et d\u2019\u00e2ge. Si tu ne remplis pas ces crit\u00e8res, merci de ne pas acheter ton ticket via cette billetterie. Un contr\u00f4le sera effectu\u00e9 \u00e0 l\u2019entr\u00e9e du site et tout ticket non valide ne pourra \u00eatre ni rembours\u00e9 ni \u00e9chang\u00e9.<\/p>\t\t\t\t\t\t\t\t<\/div>\n\t\t\t\t<\/div>\n\t\t\t\t<\/div>\n\t\t\t\t<div class=\"elementor-element elementor-element-5a3d9d6 elementor-align-center elementor-widget elementor-widget-button\" data-id=\"5a3d9d6\" data-element_type=\"widget\" data-e-type=\"widget\" data-widget_type=\"button.default\">\n\t\t\t\t<div class=\"elementor-widget-container\">\n\t\t\t\t\t\t\t\t\t<div class=\"elementor-button-wrapper\">\n\t\t\t\t\t<a class=\"elementor-button elementor-button-link elementor-size-sm elementor-animation-grow\" href=\"https:\/\/tally.so\/r\/wQ6xy7\" id=\"FDV\">\n\t\t\t\t\t\t<span class=\"elementor-button-content-wrapper\">\n\t\t\t\t\t\t\t\t\t<span class=\"elementor-button-text\">FORMULAIRE<\/span>\n\t\t\t\t\t<\/span>\n\t\t\t\t\t<\/a>\n\t\t\t\t<\/div>\n\t\t\t\t\t\t\t\t<\/div>\n\t\t\t\t<\/div>\n\t\t\t\t<\/div>\n\t\t\t\t\t<\/div>\n\t\t\t\t<\/div>\n\t\t\t\t<\/div>\n\t\t","protected":false},"excerpt":{"rendered":"<p>FESTIVAL DES VOISINS Tu habites Dour, Honnelles, Hensies ou Qui\u00e9vrain ? Le dour festival t&#8217;offre un tarif pr\u00e9f\u00e9rentiel ! Le Dour Festival, une exp\u00e9rience unique pr\u00e8s de chez toi Le Dour Festival, c\u2019est cinq jours de musique, de f\u00eate et de partage juste \u00e0 c\u00f4t\u00e9 de chez toi. C\u2019est l\u2019occasion de vivre un moment magique, [&hellip;]<\/p>\n","protected":false},"author":14,"featured_media":0,"parent":0,"menu_order":0,"comment_status":"closed","ping_status":"closed","template":"","meta":{"_seopress_robots_primary_cat":"","_seopress_titles_title":"FESTIVAL DES VOISINS - Dour Festival 2026","_seopress_titles_desc":"Tu habites Dour, Honnelles, Hensies ou Qui\u00e9vrain ? Profite d\u2019un tarif pr\u00e9f\u00e9rentiel pour le Dour Festival 2026.","_seopress_robots_index":"","footnotes":""},"class_list":["post-26607","page","type-page","status-publish"],"_links":{"self":[{"href":"https:\/\/www.dourfestival.eu\/en\/wp-json\/wp\/v2\/pages\/26607","targetHints":{"allow":["GET"]}}],"collection":[{"href":"https:\/\/www.dourfestival.eu\/en\/wp-json\/wp\/v2\/pages"}],"about":[{"href":"https:\/\/www.dourfestival.eu\/en\/wp-json\/wp\/v2\/types\/page"}],"author":[{"embeddable":true,"href":"https:\/\/www.dourfestival.eu\/en\/wp-json\/wp\/v2\/users\/14"}],"replies":[{"embeddable":true,"href":"https:\/\/www.dourfestival.eu\/en\/wp-json\/wp\/v2\/comments?post=26607"}],"version-history":[{"count":0,"href":"https:\/\/www.dourfestival.eu\/en\/wp-json\/wp\/v2\/pages\/26607\/revisions"}],"wp:attachment":[{"href":"https:\/\/www.dourfestival.eu\/en\/wp-json\/wp\/v2\/media?parent=26607"}],"curies":[{"name":"wp","href":"https:\/\/api.w.org\/{rel}","templated":true}]}}