{"id":31152,"date":"2025-10-24T09:53:13","date_gmt":"2025-10-24T07:53:13","guid":{"rendered":"https:\/\/www.dourfestival.eu\/regular-camping\/"},"modified":"2026-03-03T16:44:28","modified_gmt":"2026-03-03T15:44:28","slug":"regular-camping","status":"publish","type":"page","link":"https:\/\/www.dourfestival.eu\/en\/campsite\/regular-camping\/","title":{"rendered":"Regular Camping"},"content":{"rendered":"\t\t<div data-elementor-type=\"wp-page\" data-elementor-id=\"31152\" class=\"elementor elementor-31152 elementor-31132\" data-elementor-post-type=\"page\">\n\t\t\t\t<div class=\"elementor-element elementor-element-bda41b7 e-con-full e-flex magic-button-disabled-no e-con e-parent\" data-id=\"bda41b7\" data-element_type=\"container\" data-e-type=\"container\">\n\t\t<div class=\"elementor-element elementor-element-1452cc2 e-con-full e-flex magic-button-disabled-no e-con e-child\" data-id=\"1452cc2\" data-element_type=\"container\" data-e-type=\"container\" data-settings=\"{&quot;background_background&quot;:&quot;classic&quot;}\">\n\t\t\t\t<div class=\"elementor-element elementor-element-921d246 elementor-widget elementor-widget-heading\" data-id=\"921d246\" data-element_type=\"widget\" data-e-type=\"widget\" data-widget_type=\"heading.default\">\n\t\t\t\t<div class=\"elementor-widget-container\">\n\t\t\t\t\t<h2 class=\"elementor-heading-title elementor-size-default\">Regular Camping<\/h2>\t\t\t\t<\/div>\n\t\t\t\t<\/div>\n\t\t\t\t<\/div>\n\t\t<div class=\"elementor-element elementor-element-7a51d5f e-flex e-con-boxed magic-button-disabled-no e-con e-child\" data-id=\"7a51d5f\" data-element_type=\"container\" data-e-type=\"container\" data-settings=\"{&quot;background_background&quot;:&quot;classic&quot;}\">\n\t\t\t\t\t<div class=\"e-con-inner\">\n\t\t\t\t<div class=\"elementor-element elementor-element-8d0c2da elementor-widget elementor-widget-heading\" data-id=\"8d0c2da\" data-element_type=\"widget\" data-e-type=\"widget\" data-widget_type=\"heading.default\">\n\t\t\t\t<div class=\"elementor-widget-container\">\n\t\t\t\t\t<h2 class=\"elementor-heading-title elementor-size-default\">Regular Camping<\/h2>\t\t\t\t<\/div>\n\t\t\t\t<\/div>\n\t\t\t\t<div class=\"elementor-element elementor-element-ed3c309 elementor-widget elementor-widget-text-editor\" data-id=\"ed3c309\" data-element_type=\"widget\" data-e-type=\"widget\" data-widget_type=\"text-editor.default\">\n\t\t\t\t<div class=\"elementor-widget-container\">\n\t\t\t\t\t\t\t\t\t<p data-start=\"245\" data-end=\"328\"><strong>REGULAR CAMPING &#8211; open from Wednesday 15th July at 12 noon to Monday 20th July at 12 noon.<\/strong><\/p><p data-start=\"330\" data-end=\"582\">The Regular Camping is the perfect place to settle in and fully immerse yourself in the festival atmosphere. Whether you&#8217;re there for a day or for the entire duration of the festival, you&#8217;ll find everything you need for a comfortable and lively stay. <\/p><h4 data-start=\"584\" data-end=\"624\">Your Regular Camping pass includes:<\/h4><ul data-start=\"625\" data-end=\"1021\"><li data-start=\"625\" data-end=\"738\"><p data-start=\"627\" data-end=\"738\">Bars et stands de restauration pour te d\u00e9salt\u00e9rer et te r\u00e9galer gr\u00e2ce \u00e0 une vari\u00e9t\u00e9 de bars et de stands food<\/p><\/li><li data-start=\"739\" data-end=\"824\"><p data-start=\"741\" data-end=\"824\">Cooking Island equipped with microwaves and kettles for reheating your meals<\/p><\/li><li data-start=\"825\" data-end=\"892\"><p data-start=\"827\" data-end=\"892\">Activities and entertainment to keep you entertained, including a Beauty Corner<\/p><\/li><li data-start=\"893\" data-end=\"961\"><p data-start=\"895\" data-end=\"961\">Walls of GSM chargers so you never run out of battery!<\/p><\/li><li data-start=\"962\" data-end=\"1021\"><p data-start=\"964\" data-end=\"1021\">Shelters with benches and tables to relax on<\/p><\/li><\/ul><h4 data-start=\"1023\" data-end=\"1054\">Important information :<\/h4><ul data-start=\"1055\" data-end=\"1584\"><li data-start=\"1055\" data-end=\"1075\"><p data-start=\"1057\" data-end=\"1075\">Showers for a fee<\/p><\/li><li data-start=\"1076\" data-end=\"1220\"><p data-start=\"1078\" data-end=\"1220\">Concert access not included: this pass does not grant entry to the concert venue. A festival pass must be purchased separately.<\/p><\/li><li data-start=\"1221\" data-end=\"1262\"><p data-start=\"1223\" data-end=\"1262\">Access to themed campsites not included<\/p><\/li><li data-start=\"1263\" data-end=\"1371\"><p data-start=\"1265\" data-end=\"1371\">One price: the Regular Camping pass is sold at a single price, regardless of the length of your stay.<\/p><\/li><li data-start=\"1372\" data-end=\"1584\"><p data-start=\"1374\" data-end=\"1460\">Duration of access: your festival pass determines the duration of your access to Regular Camping.<\/p><ul data-start=\"1463\" data-end=\"1584\"><li data-start=\"1463\" data-end=\"1584\"><p data-start=\"1465\" data-end=\"1584\">For example: with a Doureuuuh Saturday ticket, you&#8217;ll have access to Regular Camping from Saturday lunchtime until Sunday 11am.<\/p><\/li><\/ul><\/li><\/ul>\t\t\t\t\t\t\t\t<\/div>\n\t\t\t\t<\/div>\n\t\t\t\t<div class=\"elementor-element elementor-element-b576a1f elementor-align-center elementor-widget elementor-widget-button\" data-id=\"b576a1f\" data-element_type=\"widget\" data-e-type=\"widget\" data-widget_type=\"button.default\">\n\t\t\t\t<div class=\"elementor-widget-container\">\n\t\t\t\t\t\t\t\t\t<div class=\"elementor-button-wrapper\">\n\t\t\t\t\t<a class=\"elementor-button elementor-button-link elementor-size-sm elementor-animation-grow\" href=\"https:\/\/tickets.dourfestival.eu\/204e561f7d474711b21604b296c9eb79\/campings\/the-village\" id=\"click-camping-regular\">\n\t\t\t\t\t\t<span class=\"elementor-button-content-wrapper\">\n\t\t\t\t\t\t\t\t\t<span class=\"elementor-button-text\">Book<\/span>\n\t\t\t\t\t<\/span>\n\t\t\t\t\t<\/a>\n\t\t\t\t<\/div>\n\t\t\t\t\t\t\t\t<\/div>\n\t\t\t\t<\/div>\n\t\t\t\t<div class=\"elementor-element elementor-element-5f87300 elementor-widget elementor-widget-gallery\" data-id=\"5f87300\" data-element_type=\"widget\" data-e-type=\"widget\" data-settings=\"{&quot;columns&quot;:2,&quot;lazyload&quot;:&quot;yes&quot;,&quot;gallery_layout&quot;:&quot;grid&quot;,&quot;columns_tablet&quot;:2,&quot;columns_mobile&quot;:1,&quot;gap&quot;:{&quot;unit&quot;:&quot;px&quot;,&quot;size&quot;:10,&quot;sizes&quot;:[]},&quot;gap_tablet&quot;:{&quot;unit&quot;:&quot;px&quot;,&quot;size&quot;:10,&quot;sizes&quot;:[]},&quot;gap_mobile&quot;:{&quot;unit&quot;:&quot;px&quot;,&quot;size&quot;:10,&quot;sizes&quot;:[]},&quot;link_to&quot;:&quot;file&quot;,&quot;aspect_ratio&quot;:&quot;3:2&quot;,&quot;overlay_background&quot;:&quot;yes&quot;,&quot;content_hover_animation&quot;:&quot;fade-in&quot;}\" data-widget_type=\"gallery.default\">\n\t\t\t\t<div class=\"elementor-widget-container\">\n\t\t\t\t\t\t\t<div class=\"elementor-gallery__container\">\n\t\t\t\t\t\t\t<a class=\"e-gallery-item elementor-gallery-item elementor-animated-content\" href=\"https:\/\/www.dourfestival.eu\/wp-content\/uploads\/2025\/09\/after-dour-festival.jpg\" data-elementor-open-lightbox=\"yes\" data-elementor-lightbox-slideshow=\"5f87300\" data-e-action-hash=\"#elementor-action%3Aaction%3Dlightbox%26settings%3DeyJpZCI6Mjk5MDEsInVybCI6Imh0dHBzOlwvXC93d3cuZG91cmZlc3RpdmFsLmV1XC93cC1jb250ZW50XC91cGxvYWRzXC8yMDI1XC8wOVwvYWZ0ZXItZG91ci1mZXN0aXZhbC5qcGciLCJzbGlkZXNob3ciOiI1Zjg3MzAwIn0%3D\">\n\t\t\t\t\t<div class=\"e-gallery-image elementor-gallery-item__image\" data-thumbnail=\"https:\/\/www.dourfestival.eu\/wp-content\/uploads\/2025\/09\/after-dour-festival-1024x576.jpg\" data-width=\"800\" data-height=\"450\" aria-label=\"\" role=\"img\" ><\/div>\n\t\t\t\t\t\t\t\t\t\t\t<div class=\"elementor-gallery-item__overlay\"><\/div>\n\t\t\t\t\t\t\t\t\t\t\t\t\t\t<\/a>\n\t\t\t\t\t\t\t<a class=\"e-gallery-item elementor-gallery-item elementor-animated-content\" href=\"https:\/\/www.dourfestival.eu\/wp-content\/uploads\/2025\/09\/maquillage-dour.jpg\" data-elementor-open-lightbox=\"yes\" data-elementor-lightbox-slideshow=\"5f87300\" data-e-action-hash=\"#elementor-action%3Aaction%3Dlightbox%26settings%3DeyJpZCI6Mjk5MDQsInVybCI6Imh0dHBzOlwvXC93d3cuZG91cmZlc3RpdmFsLmV1XC93cC1jb250ZW50XC91cGxvYWRzXC8yMDI1XC8wOVwvbWFxdWlsbGFnZS1kb3VyLmpwZyIsInNsaWRlc2hvdyI6IjVmODczMDAifQ%3D%3D\">\n\t\t\t\t\t<div class=\"e-gallery-image elementor-gallery-item__image\" data-thumbnail=\"https:\/\/www.dourfestival.eu\/wp-content\/uploads\/2025\/09\/maquillage-dour-1024x576.jpg\" data-width=\"800\" data-height=\"450\" aria-label=\"\" role=\"img\" ><\/div>\n\t\t\t\t\t\t\t\t\t\t\t<div class=\"elementor-gallery-item__overlay\"><\/div>\n\t\t\t\t\t\t\t\t\t\t\t\t\t\t<\/a>\n\t\t\t\t\t\t\t<a class=\"e-gallery-item elementor-gallery-item elementor-animated-content\" href=\"https:\/\/www.dourfestival.eu\/wp-content\/uploads\/2025\/09\/redbull-defender-dour.jpg\" data-elementor-open-lightbox=\"yes\" data-elementor-lightbox-slideshow=\"5f87300\" data-e-action-hash=\"#elementor-action%3Aaction%3Dlightbox%26settings%3DeyJpZCI6Mjk5MDcsInVybCI6Imh0dHBzOlwvXC93d3cuZG91cmZlc3RpdmFsLmV1XC93cC1jb250ZW50XC91cGxvYWRzXC8yMDI1XC8wOVwvcmVkYnVsbC1kZWZlbmRlci1kb3VyLmpwZyIsInNsaWRlc2hvdyI6IjVmODczMDAifQ%3D%3D\">\n\t\t\t\t\t<div class=\"e-gallery-image elementor-gallery-item__image\" data-thumbnail=\"https:\/\/www.dourfestival.eu\/wp-content\/uploads\/2025\/09\/redbull-defender-dour-1024x576.jpg\" data-width=\"800\" data-height=\"450\" aria-label=\"\" role=\"img\" ><\/div>\n\t\t\t\t\t\t\t\t\t\t\t<div class=\"elementor-gallery-item__overlay\"><\/div>\n\t\t\t\t\t\t\t\t\t\t\t\t\t\t<\/a>\n\t\t\t\t\t\t\t<a class=\"e-gallery-item elementor-gallery-item elementor-animated-content\" href=\"https:\/\/www.dourfestival.eu\/wp-content\/uploads\/2025\/09\/regularcampingdour.jpg\" data-elementor-open-lightbox=\"yes\" data-elementor-lightbox-slideshow=\"5f87300\" data-e-action-hash=\"#elementor-action%3Aaction%3Dlightbox%26settings%3DeyJpZCI6Mjk5MTAsInVybCI6Imh0dHBzOlwvXC93d3cuZG91cmZlc3RpdmFsLmV1XC93cC1jb250ZW50XC91cGxvYWRzXC8yMDI1XC8wOVwvcmVndWxhcmNhbXBpbmdkb3VyLmpwZyIsInNsaWRlc2hvdyI6IjVmODczMDAifQ%3D%3D\">\n\t\t\t\t\t<div class=\"e-gallery-image elementor-gallery-item__image\" data-thumbnail=\"https:\/\/www.dourfestival.eu\/wp-content\/uploads\/2025\/09\/regularcampingdour-1024x576.jpg\" data-width=\"800\" data-height=\"450\" aria-label=\"\" role=\"img\" ><\/div>\n\t\t\t\t\t\t\t\t\t\t\t<div class=\"elementor-gallery-item__overlay\"><\/div>\n\t\t\t\t\t\t\t\t\t\t\t\t\t\t<\/a>\n\t\t\t\t\t<\/div>\n\t\t\t\t\t<\/div>\n\t\t\t\t<\/div>\n\t\t\t\t\t<\/div>\n\t\t\t\t<\/div>\n\t\t\t\t<\/div>\n\t\t\t\t<\/div>\n\t\t","protected":false},"excerpt":{"rendered":"<p>Regular Camping Regular Camping REGULAR CAMPING &#8211; open from Wednesday 15th July at 12 noon to Monday 20th July at 12 noon. The Regular Camping is the perfect place to settle in and fully immerse yourself in the festival atmosphere. Whether you&#8217;re there for a day or for the entire duration of the festival, you&#8217;ll [&hellip;]<\/p>\n","protected":false},"author":14,"featured_media":29882,"parent":31218,"menu_order":0,"comment_status":"closed","ping_status":"closed","template":"","meta":{"_seopress_robots_primary_cat":"","_seopress_titles_title":"Regular Camping - Dour Festival 2026","_seopress_titles_desc":"%%post_excerpt%%","_seopress_robots_index":"","footnotes":""},"class_list":["post-31152","page","type-page","status-publish","has-post-thumbnail"],"_links":{"self":[{"href":"https:\/\/www.dourfestival.eu\/en\/wp-json\/wp\/v2\/pages\/31152","targetHints":{"allow":["GET"]}}],"collection":[{"href":"https:\/\/www.dourfestival.eu\/en\/wp-json\/wp\/v2\/pages"}],"about":[{"href":"https:\/\/www.dourfestival.eu\/en\/wp-json\/wp\/v2\/types\/page"}],"author":[{"embeddable":true,"href":"https:\/\/www.dourfestival.eu\/en\/wp-json\/wp\/v2\/users\/14"}],"replies":[{"embeddable":true,"href":"https:\/\/www.dourfestival.eu\/en\/wp-json\/wp\/v2\/comments?post=31152"}],"version-history":[{"count":0,"href":"https:\/\/www.dourfestival.eu\/en\/wp-json\/wp\/v2\/pages\/31152\/revisions"}],"up":[{"embeddable":true,"href":"https:\/\/www.dourfestival.eu\/en\/wp-json\/wp\/v2\/pages\/31218"}],"wp:featuredmedia":[{"embeddable":true,"href":"https:\/\/www.dourfestival.eu\/en\/wp-json\/wp\/v2\/media\/29882"}],"wp:attachment":[{"href":"https:\/\/www.dourfestival.eu\/en\/wp-json\/wp\/v2\/media?parent=31152"}],"curies":[{"name":"wp","href":"https:\/\/api.w.org\/{rel}","templated":true}]}}