{"id":31163,"date":"2025-10-24T10:02:06","date_gmt":"2025-10-24T08:02:06","guid":{"rendered":"https:\/\/www.dourfestival.eu\/dour-les-bains\/"},"modified":"2026-03-03T16:48:36","modified_gmt":"2026-03-03T15:48:36","slug":"dour-les-bains","status":"publish","type":"page","link":"https:\/\/www.dourfestival.eu\/en\/campsite\/dour-les-bains\/","title":{"rendered":"Dour Les Bains"},"content":{"rendered":"\t\t<div data-elementor-type=\"wp-page\" data-elementor-id=\"31163\" class=\"elementor elementor-31163 elementor-31154\" data-elementor-post-type=\"page\">\n\t\t\t\t<div class=\"elementor-element elementor-element-916cb8c e-con-full e-flex magic-button-disabled-no e-con e-parent\" data-id=\"916cb8c\" data-element_type=\"container\" data-e-type=\"container\">\n\t\t<div class=\"elementor-element elementor-element-e873a77 e-con-full e-flex magic-button-disabled-no e-con e-child\" data-id=\"e873a77\" data-element_type=\"container\" data-e-type=\"container\" data-settings=\"{&quot;background_background&quot;:&quot;classic&quot;}\">\n\t\t\t\t<div class=\"elementor-element elementor-element-d9a59c6 elementor-widget elementor-widget-heading\" data-id=\"d9a59c6\" data-element_type=\"widget\" data-e-type=\"widget\" data-widget_type=\"heading.default\">\n\t\t\t\t<div class=\"elementor-widget-container\">\n\t\t\t\t\t<h1 class=\"elementor-heading-title elementor-size-default\">Dour les Bains<\/h1>\t\t\t\t<\/div>\n\t\t\t\t<\/div>\n\t\t\t\t<\/div>\n\t\t<div class=\"elementor-element elementor-element-2ca71e4 e-flex e-con-boxed magic-button-disabled-no e-con e-child\" data-id=\"2ca71e4\" data-element_type=\"container\" data-e-type=\"container\" data-settings=\"{&quot;background_background&quot;:&quot;classic&quot;}\">\n\t\t\t\t\t<div class=\"e-con-inner\">\n\t\t\t\t<div class=\"elementor-element elementor-element-d90e409 elementor-widget elementor-widget-heading\" data-id=\"d90e409\" data-element_type=\"widget\" data-e-type=\"widget\" data-widget_type=\"heading.default\">\n\t\t\t\t<div class=\"elementor-widget-container\">\n\t\t\t\t\t<h2 class=\"elementor-heading-title elementor-size-default\">Dour les bains<\/h2>\t\t\t\t<\/div>\n\t\t\t\t<\/div>\n\t\t\t\t<div class=\"elementor-element elementor-element-eb1aac0 elementor-widget elementor-widget-text-editor\" data-id=\"eb1aac0\" data-element_type=\"widget\" data-e-type=\"widget\" data-widget_type=\"text-editor.default\">\n\t\t\t\t<div class=\"elementor-widget-container\">\n\t\t\t\t\t\t\t\t\t<div class=\"flex flex-col text-sm pb-25\"><article class=\"text-token-text-primary w-full focus:outline-none [--shadow-height:45px] has-data-writing-block:pointer-events-none has-data-writing-block:-mt-(--shadow-height) has-data-writing-block:pt-(--shadow-height) [&amp;:has([data-writing-block])&gt;*]:pointer-events-auto scroll-mt-[calc(var(--header-height)+min(200px,max(70px,20svh)))]\" dir=\"auto\" tabindex=\"-1\" data-turn-id=\"request-68f60d90-1564-832d-b757-02a5290d7789-1\" data-testid=\"conversation-turn-58\" data-scroll-anchor=\"true\" data-turn=\"assistant\"><div class=\"text-base my-auto mx-auto pb-10 [--thread-content-margin:--spacing(4)] @w-sm\/main:[--thread-content-margin:--spacing(6)] @w-lg\/main:[--thread-content-margin:--spacing(16)] px-(--thread-content-margin)\"><div class=\"[--thread-content-max-width:40rem] @w-lg\/main:[--thread-content-max-width:48rem] mx-auto max-w-(--thread-content-max-width) flex-1 group\/turn-messages focus-visible:outline-hidden relative flex w-full min-w-0 flex-col agent-turn\" tabindex=\"-1\"><div class=\"flex max-w-full flex-col grow\"><div class=\"min-h-8 text-message relative flex w-full flex-col items-end gap-2 text-start break-words whitespace-normal [.text-message+&amp;]:mt-1\" dir=\"auto\" data-message-author-role=\"assistant\" data-message-id=\"44318d9d-1c39-4e40-8b78-ab30de511783\" data-message-model-slug=\"gpt-5-instant\"><div class=\"flex w-full flex-col gap-1 empty:hidden first:pt-[1px]\"><div class=\"markdown prose dark:prose-invert w-full break-words dark markdown-new-styling\"><p data-start=\"249\" data-end=\"331\"><strong>DOUR LES BAINS &#8211; open from Wednesday 15th July at 12 noon to Monday 20th July at 12 noon.<\/strong><\/p><p data-start=\"333\" data-end=\"576\">Do you wish to blend the festival vibe with a holiday atmosphere, in flip-flops or with your feet in the sand? Dour les Bains is just the place for you! It\u2019s the perfect spot to unwind and have fun while enjoying optimal comfort.  <\/p><h4 data-start=\"578\" data-end=\"617\">Your pass for Dour les Bains includes:<\/h4><h4 data-start=\"619\" data-end=\"654\">Activities and entertainment:<\/h4><ul data-start=\"655\" data-end=\"868\"><li data-start=\"655\" data-end=\"713\"><p data-start=\"657\" data-end=\"713\">Swimming pools and jacuzzis to refresh and relax you<\/p><\/li><li data-start=\"714\" data-end=\"787\"><p data-start=\"716\" data-end=\"787\">Beach volleyball courts for spirited friendly matches among friends<\/p><\/li><li data-start=\"788\" data-end=\"868\"><p data-start=\"790\" data-end=\"868\">Animations crafted by our team of holiday representatives for unforgettable moments.<\/p><\/li><\/ul><h4 data-start=\"870\" data-end=\"892\">Optimal comfort:<\/h4><ul data-start=\"893\" data-end=\"1343\"><li data-start=\"893\" data-end=\"964\"><p data-start=\"895\" data-end=\"964\">Free showers and flush toilets available 24 hours a day<\/p><\/li><li data-start=\"965\" data-end=\"986\"><p data-start=\"967\" data-end=\"986\">24-hour bar<\/p><\/li><li data-start=\"987\" data-end=\"1051\"><p data-start=\"989\" data-end=\"1051\">Walls of chargers so you never run out of battery power<\/p><\/li><li data-start=\"1052\" data-end=\"1137\"><p data-start=\"1054\" data-end=\"1137\">Cooking Island equipped with microwaves and kettles for reheating your meals<\/p><\/li><li data-start=\"1138\" data-end=\"1248\"><p data-start=\"1140\" data-end=\"1248\">Covered areas with tables and benches, as well as a hammock space for you to relax and reconnect with friends.<\/p><\/li><li data-start=\"1249\" data-end=\"1343\"><p data-start=\"1251\" data-end=\"1343\">Extended access to Regular Camping, so you can visit your friends who are staying there<\/p><\/li><\/ul><h4 data-start=\"1345\" data-end=\"1376\">Important information :<\/h4><ul data-start=\"1377\" data-end=\"1887\"><li data-start=\"1377\" data-end=\"1521\"><p data-start=\"1379\" data-end=\"1521\">Access to concerts not included: this pass does not give access to the concert site. A festival pass must be purchased separately. <\/p><\/li><li data-start=\"1522\" data-end=\"1570\"><p data-start=\"1524\" data-end=\"1570\">Access to other theme campsites not included<\/p><\/li><li data-start=\"1571\" data-end=\"1678\"><p data-start=\"1573\" data-end=\"1678\">Single price: the Dour les Bains pass is sold at a single price, regardless of the length of your stay.<\/p><\/li><li data-start=\"1679\" data-end=\"1887\"><p data-start=\"1681\" data-end=\"1765\">Access duration: your festival pass determines the length of your access to Dour les Bains.<\/p><ul data-start=\"1768\" data-end=\"1887\"><li data-start=\"1768\" data-end=\"1887\"><p data-start=\"1770\" data-end=\"1887\">Par exemple : avec un ticket Doureuuuh samedi, tu auras acc\u00e8s \u00e0 Dour les Bains du samedi midi jusqu&#8217;au dimanche 11h<\/p><\/li><\/ul><\/li><\/ul><h4 data-start=\"1889\" data-end=\"1929\">Commitment to a pleasant camping experience<\/h4><p data-start=\"1930\" data-end=\"2352\" data-is-last-node=\"\" data-is-only-node=\"\">By purchasing this pass, you commit to making Dour les Bains a space of respect and sharing for all. This entails keeping the campsite clean and respecting the facilities and fellow festival-goers. Should these essential rules be disregarded, your access to Dour les Bains may be revoked and transferred to the Regular Camping. Together, let us preserve the quality of this space for everyone&#8217;s enjoyment.   <\/p><\/div><\/div><\/div><\/div><\/div><\/div><\/article><\/div>\t\t\t\t\t\t\t\t<\/div>\n\t\t\t\t<\/div>\n\t\t\t\t<div class=\"elementor-element elementor-element-00e8f91 elementor-widget elementor-widget-n-accordion\" data-id=\"00e8f91\" data-element_type=\"widget\" data-e-type=\"widget\" data-settings=\"{&quot;default_state&quot;:&quot;all_collapsed&quot;,&quot;max_items_expended&quot;:&quot;one&quot;,&quot;n_accordion_animation_duration&quot;:{&quot;unit&quot;:&quot;ms&quot;,&quot;size&quot;:400,&quot;sizes&quot;:[]}}\" data-widget_type=\"nested-accordion.default\">\n\t\t\t\t<div class=\"elementor-widget-container\">\n\t\t\t\t\t\t\t<div class=\"e-n-accordion\" aria-label=\"Accordion. Open links with Enter or Space, close with Escape, and navigate with Arrow Keys\">\n\t\t\t\t\t\t<details id=\"e-n-accordion-item-9540\" class=\"e-n-accordion-item\" >\n\t\t\t\t<summary class=\"e-n-accordion-item-title\" data-accordion-index=\"1\" tabindex=\"0\" aria-expanded=\"false\" aria-controls=\"e-n-accordion-item-9540\" >\n\t\t\t\t\t<span class='e-n-accordion-item-title-header'><div class=\"e-n-accordion-item-title-text\"> CHALET <\/div><\/span>\n\t\t\t\t\t\t\t\t\t<\/summary>\n\t\t\t\t<div role=\"region\" aria-labelledby=\"e-n-accordion-item-9540\" class=\"elementor-element elementor-element-ccbcfd5 e-con-full e-flex magic-button-disabled-no e-con e-child\" data-id=\"ccbcfd5\" data-element_type=\"container\" data-e-type=\"container\">\n\t\t\t\t<div class=\"elementor-element elementor-element-7a49290 elementor-widget elementor-widget-text-editor\" data-id=\"7a49290\" data-element_type=\"widget\" data-e-type=\"widget\" data-widget_type=\"text-editor.default\">\n\t\t\t\t<div class=\"elementor-widget-container\">\n\t\t\t\t\t\t\t\t\t<h3 data-start=\"231\" data-end=\"309\">For this new edition, chalets are now at your disposal !<\/h3><h4 data-start=\"311\" data-end=\"340\">Each chalet includes :<\/h4><ul data-start=\"341\" data-end=\"432\"><li data-start=\"341\" data-end=\"366\"><p data-start=\"343\" data-end=\"366\">Beds with mattresses<\/p><\/li><li data-start=\"367\" data-end=\"383\"><p data-start=\"369\" data-end=\"383\">Lighting<\/p><\/li><li data-start=\"384\" data-end=\"399\"><p data-start=\"386\" data-end=\"399\">A lock<\/p><\/li><li data-start=\"400\" data-end=\"432\"><p data-start=\"402\" data-end=\"432\">Power socket (300 W)<\/p><\/li><\/ul><h4 data-start=\"434\" data-end=\"483\">They are available in several versions:<\/h4><ul data-start=\"484\" data-end=\"531\"><li data-start=\"484\" data-end=\"503\"><p data-start=\"486\" data-end=\"503\">Duo and Duo Luxe<\/p><\/li><li data-start=\"504\" data-end=\"531\"><p data-start=\"506\" data-end=\"531\">Quattro and Quattro Luxe<\/p><\/li><\/ul><h4 data-start=\"533\" data-end=\"562\">The Luxury version includes :<\/h4><p data-start=\"563\" data-end=\"622\">Pillows, comforters and sheets for optimum comfort.<\/p><h4 data-start=\"624\" data-end=\"647\">It includes :<\/h4><ul data-start=\"648\" data-end=\"847\"><li data-start=\"648\" data-end=\"707\"><p data-start=\"650\" data-end=\"707\">Acc\u00e8s \u00e0 Dour les Bains, \u00e0 ses am\u00e9nagements et ses animations<\/p><\/li><li data-start=\"708\" data-end=\"755\"><p data-start=\"710\" data-end=\"755\">Access to Regular Camping and its activities<\/p><\/li><li data-start=\"756\" data-end=\"847\"><p data-start=\"758\" data-end=\"847\">A &#8220;Chalet&#8221; ticket. The key to the accommodation will only be given to the holder of this ticket. <\/p><\/li><\/ul><h4 data-start=\"849\" data-end=\"880\">Important information :<\/h4><p data-start=\"881\" data-end=\"988\" data-is-last-node=\"\" data-is-only-node=\"\">The deposits will be refunded to the buyer&#8217;s account (unless there are damages) no later than 20th September 2026.<\/p>\t\t\t\t\t\t\t\t<\/div>\n\t\t\t\t<\/div>\n\t\t\t\t<\/div>\n\t\t\t\t\t<\/details>\n\t\t\t\t\t<\/div>\n\t\t\t\t\t\t<\/div>\n\t\t\t\t<\/div>\n\t\t\t\t<div class=\"elementor-element elementor-element-7c84133 elementor-align-center elementor-widget elementor-widget-button\" data-id=\"7c84133\" data-element_type=\"widget\" data-e-type=\"widget\" data-widget_type=\"button.default\">\n\t\t\t\t<div class=\"elementor-widget-container\">\n\t\t\t\t\t\t\t\t\t<div class=\"elementor-button-wrapper\">\n\t\t\t\t\t<a class=\"elementor-button elementor-button-link elementor-size-sm elementor-animation-grow\" href=\"https:\/\/tickets.dourfestival.eu\/204e561f7d474711b21604b296c9eb79\/campings\/campings\" id=\"click-camping-DLB\">\n\t\t\t\t\t\t<span class=\"elementor-button-content-wrapper\">\n\t\t\t\t\t\t\t\t\t<span class=\"elementor-button-text\">Book<\/span>\n\t\t\t\t\t<\/span>\n\t\t\t\t\t<\/a>\n\t\t\t\t<\/div>\n\t\t\t\t\t\t\t\t<\/div>\n\t\t\t\t<\/div>\n\t\t\t\t<div class=\"elementor-element elementor-element-ff73f73 elementor-widget elementor-widget-gallery\" data-id=\"ff73f73\" data-element_type=\"widget\" data-e-type=\"widget\" data-settings=\"{&quot;columns&quot;:2,&quot;columns_mobile&quot;:2,&quot;lazyload&quot;:&quot;yes&quot;,&quot;gallery_layout&quot;:&quot;grid&quot;,&quot;columns_tablet&quot;:2,&quot;gap&quot;:{&quot;unit&quot;:&quot;px&quot;,&quot;size&quot;:10,&quot;sizes&quot;:[]},&quot;gap_tablet&quot;:{&quot;unit&quot;:&quot;px&quot;,&quot;size&quot;:10,&quot;sizes&quot;:[]},&quot;gap_mobile&quot;:{&quot;unit&quot;:&quot;px&quot;,&quot;size&quot;:10,&quot;sizes&quot;:[]},&quot;link_to&quot;:&quot;file&quot;,&quot;aspect_ratio&quot;:&quot;3:2&quot;,&quot;overlay_background&quot;:&quot;yes&quot;,&quot;content_hover_animation&quot;:&quot;fade-in&quot;}\" data-widget_type=\"gallery.default\">\n\t\t\t\t<div class=\"elementor-widget-container\">\n\t\t\t\t\t\t\t<div class=\"elementor-gallery__container\">\n\t\t\t\t\t\t\t<a class=\"e-gallery-item elementor-gallery-item elementor-animated-content\" href=\"https:\/\/www.dourfestival.eu\/wp-content\/uploads\/2025\/09\/hamac-dour-festival.jpg\" data-elementor-open-lightbox=\"yes\" data-elementor-lightbox-slideshow=\"ff73f73\" data-e-action-hash=\"#elementor-action%3Aaction%3Dlightbox%26settings%3DeyJpZCI6Mjk5MzcsInVybCI6Imh0dHBzOlwvXC93d3cuZG91cmZlc3RpdmFsLmV1XC93cC1jb250ZW50XC91cGxvYWRzXC8yMDI1XC8wOVwvaGFtYWMtZG91ci1mZXN0aXZhbC5qcGciLCJzbGlkZXNob3ciOiJmZjczZjczIn0%3D\">\n\t\t\t\t\t<div class=\"e-gallery-image elementor-gallery-item__image\" data-thumbnail=\"https:\/\/www.dourfestival.eu\/wp-content\/uploads\/2025\/09\/hamac-dour-festival-1024x576.jpg\" data-width=\"800\" data-height=\"450\" aria-label=\"\" role=\"img\" ><\/div>\n\t\t\t\t\t\t\t\t\t\t\t<div class=\"elementor-gallery-item__overlay\"><\/div>\n\t\t\t\t\t\t\t\t\t\t\t\t\t\t<\/a>\n\t\t\t\t\t\t\t<a class=\"e-gallery-item elementor-gallery-item elementor-animated-content\" href=\"https:\/\/www.dourfestival.eu\/wp-content\/uploads\/2025\/09\/jacuzzi-dour-les-bains.jpg\" data-elementor-open-lightbox=\"yes\" data-elementor-lightbox-slideshow=\"ff73f73\" data-e-action-hash=\"#elementor-action%3Aaction%3Dlightbox%26settings%3DeyJpZCI6Mjk5NDAsInVybCI6Imh0dHBzOlwvXC93d3cuZG91cmZlc3RpdmFsLmV1XC93cC1jb250ZW50XC91cGxvYWRzXC8yMDI1XC8wOVwvamFjdXp6aS1kb3VyLWxlcy1iYWlucy5qcGciLCJzbGlkZXNob3ciOiJmZjczZjczIn0%3D\">\n\t\t\t\t\t<div class=\"e-gallery-image elementor-gallery-item__image\" data-thumbnail=\"https:\/\/www.dourfestival.eu\/wp-content\/uploads\/2025\/09\/jacuzzi-dour-les-bains-1024x576.jpg\" data-width=\"800\" data-height=\"450\" aria-label=\"\" role=\"img\" ><\/div>\n\t\t\t\t\t\t\t\t\t\t\t<div class=\"elementor-gallery-item__overlay\"><\/div>\n\t\t\t\t\t\t\t\t\t\t\t\t\t\t<\/a>\n\t\t\t\t\t\t\t<a class=\"e-gallery-item elementor-gallery-item elementor-animated-content\" href=\"https:\/\/www.dourfestival.eu\/wp-content\/uploads\/2025\/09\/ventriglisse-dour-les-bains.jpg\" data-elementor-open-lightbox=\"yes\" data-elementor-lightbox-slideshow=\"ff73f73\" data-e-action-hash=\"#elementor-action%3Aaction%3Dlightbox%26settings%3DeyJpZCI6Mjk5NDMsInVybCI6Imh0dHBzOlwvXC93d3cuZG91cmZlc3RpdmFsLmV1XC93cC1jb250ZW50XC91cGxvYWRzXC8yMDI1XC8wOVwvdmVudHJpZ2xpc3NlLWRvdXItbGVzLWJhaW5zLmpwZyIsInNsaWRlc2hvdyI6ImZmNzNmNzMifQ%3D%3D\">\n\t\t\t\t\t<div class=\"e-gallery-image elementor-gallery-item__image\" data-thumbnail=\"https:\/\/www.dourfestival.eu\/wp-content\/uploads\/2025\/09\/ventriglisse-dour-les-bains-1024x576.jpg\" data-width=\"800\" data-height=\"450\" aria-label=\"\" role=\"img\" ><\/div>\n\t\t\t\t\t\t\t\t\t\t\t<div class=\"elementor-gallery-item__overlay\"><\/div>\n\t\t\t\t\t\t\t\t\t\t\t\t\t\t<\/a>\n\t\t\t\t\t\t\t<a class=\"e-gallery-item elementor-gallery-item elementor-animated-content\" href=\"https:\/\/www.dourfestival.eu\/wp-content\/uploads\/2025\/09\/volley-dour.jpg\" data-elementor-open-lightbox=\"yes\" data-elementor-lightbox-slideshow=\"ff73f73\" data-e-action-hash=\"#elementor-action%3Aaction%3Dlightbox%26settings%3DeyJpZCI6Mjk5NDYsInVybCI6Imh0dHBzOlwvXC93d3cuZG91cmZlc3RpdmFsLmV1XC93cC1jb250ZW50XC91cGxvYWRzXC8yMDI1XC8wOVwvdm9sbGV5LWRvdXIuanBnIiwic2xpZGVzaG93IjoiZmY3M2Y3MyJ9\">\n\t\t\t\t\t<div class=\"e-gallery-image elementor-gallery-item__image\" data-thumbnail=\"https:\/\/www.dourfestival.eu\/wp-content\/uploads\/2025\/09\/volley-dour-1024x576.jpg\" data-width=\"800\" data-height=\"450\" aria-label=\"\" role=\"img\" ><\/div>\n\t\t\t\t\t\t\t\t\t\t\t<div class=\"elementor-gallery-item__overlay\"><\/div>\n\t\t\t\t\t\t\t\t\t\t\t\t\t\t<\/a>\n\t\t\t\t\t<\/div>\n\t\t\t\t\t<\/div>\n\t\t\t\t<\/div>\n\t\t\t\t\t<\/div>\n\t\t\t\t<\/div>\n\t\t\t\t<\/div>\n\t\t\t\t<\/div>\n\t\t","protected":false},"excerpt":{"rendered":"<p>Dour les Bains Dour les bains DOUR LES BAINS &#8211; open from Wednesday 15th July at 12 noon to Monday 20th July at 12 noon. Do you wish to blend the festival vibe with a holiday atmosphere, in flip-flops or with your feet in the sand? Dour les Bains is just the place for you! [&hellip;]<\/p>\n","protected":false},"author":14,"featured_media":29940,"parent":31218,"menu_order":0,"comment_status":"closed","ping_status":"closed","template":"","meta":{"_seopress_robots_primary_cat":"","_seopress_titles_title":"Dour Les Bains - Dour Festival 2026","_seopress_titles_desc":"%%post_excerpt%%","_seopress_robots_index":"","footnotes":""},"class_list":["post-31163","page","type-page","status-publish","has-post-thumbnail"],"_links":{"self":[{"href":"https:\/\/www.dourfestival.eu\/en\/wp-json\/wp\/v2\/pages\/31163","targetHints":{"allow":["GET"]}}],"collection":[{"href":"https:\/\/www.dourfestival.eu\/en\/wp-json\/wp\/v2\/pages"}],"about":[{"href":"https:\/\/www.dourfestival.eu\/en\/wp-json\/wp\/v2\/types\/page"}],"author":[{"embeddable":true,"href":"https:\/\/www.dourfestival.eu\/en\/wp-json\/wp\/v2\/users\/14"}],"replies":[{"embeddable":true,"href":"https:\/\/www.dourfestival.eu\/en\/wp-json\/wp\/v2\/comments?post=31163"}],"version-history":[{"count":0,"href":"https:\/\/www.dourfestival.eu\/en\/wp-json\/wp\/v2\/pages\/31163\/revisions"}],"up":[{"embeddable":true,"href":"https:\/\/www.dourfestival.eu\/en\/wp-json\/wp\/v2\/pages\/31218"}],"wp:featuredmedia":[{"embeddable":true,"href":"https:\/\/www.dourfestival.eu\/en\/wp-json\/wp\/v2\/media\/29940"}],"wp:attachment":[{"href":"https:\/\/www.dourfestival.eu\/en\/wp-json\/wp\/v2\/media?parent=31163"}],"curies":[{"name":"wp","href":"https:\/\/api.w.org\/{rel}","templated":true}]}}