{"id":31205,"date":"2025-10-24T11:08:53","date_gmt":"2025-10-24T09:08:53","guid":{"rendered":"https:\/\/www.dourfestival.eu\/comfort-camping\/"},"modified":"2026-03-03T16:49:33","modified_gmt":"2026-03-03T15:49:33","slug":"comfort-camping","status":"publish","type":"page","link":"https:\/\/www.dourfestival.eu\/nl\/camping\/comfort-camping\/","title":{"rendered":"Comfort Camping"},"content":{"rendered":"\t\t<div data-elementor-type=\"wp-page\" data-elementor-id=\"31205\" class=\"elementor elementor-31205 elementor-31198\" data-elementor-post-type=\"page\">\n\t\t\t\t<div class=\"elementor-element elementor-element-1eabdd2 e-con-full e-flex magic-button-disabled-no e-con e-parent\" data-id=\"1eabdd2\" data-element_type=\"container\" data-e-type=\"container\">\n\t\t<div class=\"elementor-element elementor-element-43617a3 e-con-full e-flex magic-button-disabled-no e-con e-child\" data-id=\"43617a3\" data-element_type=\"container\" data-e-type=\"container\" data-settings=\"{&quot;background_background&quot;:&quot;classic&quot;}\">\n\t\t\t\t<div class=\"elementor-element elementor-element-2ff866b elementor-widget elementor-widget-heading\" data-id=\"2ff866b\" data-element_type=\"widget\" data-e-type=\"widget\" data-widget_type=\"heading.default\">\n\t\t\t\t<div class=\"elementor-widget-container\">\n\t\t\t\t\t<h1 class=\"elementor-heading-title elementor-size-default\">Comfort Camping<\/h1>\t\t\t\t<\/div>\n\t\t\t\t<\/div>\n\t\t\t\t<\/div>\n\t\t<div class=\"elementor-element elementor-element-ade0cb2 e-flex e-con-boxed magic-button-disabled-no e-con e-child\" data-id=\"ade0cb2\" data-element_type=\"container\" data-e-type=\"container\" data-settings=\"{&quot;background_background&quot;:&quot;classic&quot;}\">\n\t\t\t\t\t<div class=\"e-con-inner\">\n\t\t\t\t<div class=\"elementor-element elementor-element-d62d747 elementor-widget elementor-widget-heading\" data-id=\"d62d747\" data-element_type=\"widget\" data-e-type=\"widget\" data-widget_type=\"heading.default\">\n\t\t\t\t<div class=\"elementor-widget-container\">\n\t\t\t\t\t<h2 class=\"elementor-heading-title elementor-size-default\">Comfort camping<\/h2>\t\t\t\t<\/div>\n\t\t\t\t<\/div>\n\t\t\t\t<div class=\"elementor-element elementor-element-565b880 elementor-widget elementor-widget-text-editor\" data-id=\"565b880\" data-element_type=\"widget\" data-e-type=\"widget\" data-widget_type=\"text-editor.default\">\n\t\t\t\t<div class=\"elementor-widget-container\">\n\t\t\t\t\t\t\t\t\t<p data-start=\"294\" data-end=\"359\"><strong data-start=\"294\" data-end=\"359\">Comfort Camping \u2013 geopend van woensdag 15 juli om 12.00 uur tot maandag 20 juli om 12.00 uur<\/strong><\/p><p data-start=\"345\" data-end=\"604\">Wil je nog even nagenieten van de festivalsfeer en tegelijkertijd genieten van een echt ontspannend uitje? Dan is Comfort Camping echt iets voor jou!  Het is de ideale plek om je batterijen op te laden tussen twee concerten door en een unieke, ontspannende en verkwikkende ervaring te beleven.<\/p><h4 data-start=\"606\" data-end=\"646\">De Comfort Camping-pas omvat:<\/h4><h4 data-start=\"648\" data-end=\"683\">Activiteiten en vermaak:<\/h4><ul data-start=\"684\" data-end=\"962\"><li data-start=\"684\" data-end=\"741\"><p data-start=\"686\" data-end=\"741\">Zwembaden en jacuzzi&#8217;s om je te verfrissen en te ontspannen<\/p><\/li><li data-start=\"742\" data-end=\"785\"><p data-start=\"744\" data-end=\"785\">Yoga cursus voor een zachte ontwaking<\/p><\/li><li data-start=\"786\" data-end=\"841\"><p data-start=\"788\" data-end=\"841\">Massageruimte voor een moment van pure ontspanning<\/p><\/li><li data-start=\"842\" data-end=\"887\"><p data-start=\"844\" data-end=\"887\">Hangmatruimte voor een verkwikkende siesta<\/p><\/li><li data-start=\"888\" data-end=\"962\"><p data-start=\"890\" data-end=\"962\">Aperitieven &#8220;ontdekking van lokale producten&#8221; om je smaakpapillen te prikkelen<\/p><\/li><\/ul><h4 data-start=\"964\" data-end=\"986\">Optimaal comfort:<\/h4><ul data-start=\"987\" data-end=\"1534\"><li data-start=\"987\" data-end=\"1110\"><p data-start=\"989\" data-end=\"1110\">Ontbijt inbegrepen van donderdag tot zondag (deegwaren, omelet of pannenkoeken naar keuze, vergezeld van thee of koffie)<\/p><\/li><li data-start=\"1111\" data-end=\"1182\"><p data-start=\"1113\" data-end=\"1182\">Gratis douches en toiletten met spoeling toegankelijk 24\/7<\/p><\/li><li data-start=\"1183\" data-end=\"1247\"><p data-start=\"1185\" data-end=\"1247\">Muren van laders zodat je nooit zonder batterij komt te zitten<\/p><\/li><li data-start=\"1248\" data-end=\"1331\"><p data-start=\"1250\" data-end=\"1331\">Overdekte ruimtes met tafels en banken om te schuilen en vrienden te ontmoeten<\/p><\/li><li data-start=\"1332\" data-end=\"1417\"><p data-start=\"1334\" data-end=\"1417\">Kookeiland uitgerust met magnetrons en waterkokers om je maaltijden op te warmen<\/p><\/li><li data-start=\"1418\" data-end=\"1439\"><p data-start=\"1420\" data-end=\"1439\">Bar open 24 uur per dag<\/p><\/li><li data-start=\"1440\" data-end=\"1534\"><p data-start=\"1442\" data-end=\"1534\">Uitgebreide toegang tot de Regular Camping waarmee je je vrienden kunt bezoeken die daar verblijven<\/p><\/li><\/ul><h4 data-start=\"1536\" data-end=\"1567\">Belangrijke informatie :<\/h4><ul data-start=\"1568\" data-end=\"2083\"><li data-start=\"1568\" data-end=\"1712\"><p data-start=\"1570\" data-end=\"1712\">Toegang tot de concerten niet inbegrepen: deze pas geeft geen toegang tot de concertlocatie. Een festivalpas moet absoluut apart worden aangeschaft. <\/p><\/li><li data-start=\"1713\" data-end=\"1761\"><p data-start=\"1715\" data-end=\"1761\">Toegang tot andere themacampings niet inbegrepen<\/p><\/li><li data-start=\"1762\" data-end=\"1870\"><p data-start=\"1764\" data-end=\"1870\">E\u00e9n prijs: de Comfort Camping pass wordt verkocht voor \u00e9\u00e9n prijs, ongeacht de duur van je verblijf.<\/p><\/li><li data-start=\"1871\" data-end=\"2083\"><p data-start=\"1873\" data-end=\"1959\">Toegangsduur: je festivalpas bepaalt de duur van je toegang tot de Comfort Camping.<\/p><ul data-start=\"1962\" data-end=\"2083\"><li data-start=\"1962\" data-end=\"2083\"><p data-start=\"1964\" data-end=\"2083\">Bijvoorbeeld: met een Doureuuuh zaterdagticket heb je toegang tot Comfort Camping van zaterdagmiddag tot zondag 11 uur.<\/p><\/li><\/ul><\/li><\/ul><h4 data-start=\"2085\" data-end=\"2125\">Engagement voor een aangename camping<\/h4><p data-start=\"2126\" data-end=\"2551\" data-is-last-node=\"\" data-is-only-node=\"\">Door dit pas te kopen, verbind je je ertoe om van Comfort Camping een ruimte van respect en delen voor iedereen te maken. Dit houdt in dat je de netheid van de camping moet handhaven en de voorzieningen en andere festivalgangers moet respecteren. Bij niet-naleving van deze essenti\u00eble regels kan je toegang tot Comfort Camping worden ingetrokken en overgedragen naar Regular Camping. Laten we samen de kwaliteit van deze ruimte behouden voor het plezier van iedereen.   <\/p>\t\t\t\t\t\t\t\t<\/div>\n\t\t\t\t<\/div>\n\t\t\t\t<div class=\"elementor-element elementor-element-58e7270 elementor-widget elementor-widget-n-accordion\" data-id=\"58e7270\" data-element_type=\"widget\" data-e-type=\"widget\" data-settings=\"{&quot;default_state&quot;:&quot;all_collapsed&quot;,&quot;max_items_expended&quot;:&quot;one&quot;,&quot;n_accordion_animation_duration&quot;:{&quot;unit&quot;:&quot;ms&quot;,&quot;size&quot;:400,&quot;sizes&quot;:[]}}\" data-widget_type=\"nested-accordion.default\">\n\t\t\t\t<div class=\"elementor-widget-container\">\n\t\t\t\t\t\t\t<div class=\"e-n-accordion\" aria-label=\"Accordion. Open links with Enter or Space, close with Escape, and navigate with Arrow Keys\">\n\t\t\t\t\t\t<details id=\"e-n-accordion-item-9320\" class=\"e-n-accordion-item\" >\n\t\t\t\t<summary class=\"e-n-accordion-item-title\" data-accordion-index=\"1\" tabindex=\"0\" aria-expanded=\"false\" aria-controls=\"e-n-accordion-item-9320\" >\n\t\t\t\t\t<span class='e-n-accordion-item-title-header'><div class=\"e-n-accordion-item-title-text\"> CHALET - Sold Out <\/div><\/span>\n\t\t\t\t\t\t\t\t\t<\/summary>\n\t\t\t\t<div role=\"region\" aria-labelledby=\"e-n-accordion-item-9320\" class=\"elementor-element elementor-element-ad742e6 e-con-full e-flex magic-button-disabled-no e-con e-child\" data-id=\"ad742e6\" data-element_type=\"container\" data-e-type=\"container\">\n\t\t\t\t<div class=\"elementor-element elementor-element-72bf64a elementor-widget elementor-widget-text-editor\" data-id=\"72bf64a\" data-element_type=\"widget\" data-e-type=\"widget\" data-widget_type=\"text-editor.default\">\n\t\t\t\t<div class=\"elementor-widget-container\">\n\t\t\t\t\t\t\t\t\t<h3 data-start=\"231\" data-end=\"309\">Voor deze nieuwe editie zijn er nu chalets tot je beschikking !<\/h3><h4 data-start=\"311\" data-end=\"340\">Elk chalet bevat :<\/h4><ul data-start=\"341\" data-end=\"432\"><li data-start=\"341\" data-end=\"366\"><p data-start=\"343\" data-end=\"366\">Bedden met matrassen<\/p><\/li><li data-start=\"367\" data-end=\"383\"><p data-start=\"369\" data-end=\"383\">Verlichting<\/p><\/li><li data-start=\"384\" data-end=\"399\"><p data-start=\"386\" data-end=\"399\">Een slot<\/p><\/li><li data-start=\"400\" data-end=\"432\"><p data-start=\"402\" data-end=\"432\">Een stopcontact (300 W)<\/p><\/li><\/ul><h4 data-start=\"434\" data-end=\"483\">Ze zijn verkrijgbaar in verschillende versies:<\/h4><ul data-start=\"484\" data-end=\"531\"><li data-start=\"484\" data-end=\"503\"><p data-start=\"486\" data-end=\"503\">Duo en Duo Luxe<\/p><\/li><li data-start=\"504\" data-end=\"531\"><p data-start=\"506\" data-end=\"531\">Quattro en Quattro Luxe<\/p><\/li><\/ul><h4 data-start=\"533\" data-end=\"562\">De luxe versie bevat :<\/h4><p data-start=\"563\" data-end=\"622\">Kussens, dekbedden en lakens voor optimaal comfort.<\/p><h4 data-start=\"624\" data-end=\"647\">Is inclusief :<\/h4><ul data-start=\"648\" data-end=\"847\"><li data-start=\"648\" data-end=\"707\"><p data-start=\"650\" data-end=\"707\">Toegang tot de Comfort Camping, faciliteiten en activiteiten<\/p><\/li><li data-start=\"708\" data-end=\"755\"><p data-start=\"710\" data-end=\"755\">Toegang tot de Regular Camping en zijn activiteiten<\/p><\/li><li data-start=\"756\" data-end=\"847\"><p data-start=\"758\" data-end=\"847\">Een &#8220;Chalet&#8221; ticket. De sleutel van de accommodatie wordt alleen aan de houder van dit ticket gegeven. <\/p><\/li><\/ul><h4 data-start=\"849\" data-end=\"880\">Belangrijke informatie :<\/h4><p data-start=\"881\" data-end=\"988\" data-is-last-node=\"\" data-is-only-node=\"\">De waarborgen worden uiterlijk op 20\/09\/2026 teruggestort op de rekening van de koper (tenzij er schade is).<\/p>\t\t\t\t\t\t\t\t<\/div>\n\t\t\t\t<\/div>\n\t\t\t\t<\/div>\n\t\t\t\t\t<\/details>\n\t\t\t\t\t<\/div>\n\t\t\t\t\t\t<\/div>\n\t\t\t\t<\/div>\n\t\t\t\t<div class=\"elementor-element elementor-element-b998582 elementor-align-center elementor-widget elementor-widget-button\" data-id=\"b998582\" data-element_type=\"widget\" data-e-type=\"widget\" data-widget_type=\"button.default\">\n\t\t\t\t<div class=\"elementor-widget-container\">\n\t\t\t\t\t\t\t\t\t<div class=\"elementor-button-wrapper\">\n\t\t\t\t\t<a class=\"elementor-button elementor-button-link elementor-size-sm elementor-animation-grow\" href=\"https:\/\/tickets.dourfestival.eu\/204e561f7d474711b21604b296c9eb79\/campings\/campings\" id=\"click-camping-comfort\">\n\t\t\t\t\t\t<span class=\"elementor-button-content-wrapper\">\n\t\t\t\t\t\t\t\t\t<span class=\"elementor-button-text\">Boek<\/span>\n\t\t\t\t\t<\/span>\n\t\t\t\t\t<\/a>\n\t\t\t\t<\/div>\n\t\t\t\t\t\t\t\t<\/div>\n\t\t\t\t<\/div>\n\t\t\t\t<div class=\"elementor-element elementor-element-b3e349f elementor-widget elementor-widget-gallery\" data-id=\"b3e349f\" data-element_type=\"widget\" data-e-type=\"widget\" data-settings=\"{&quot;columns&quot;:2,&quot;lazyload&quot;:&quot;yes&quot;,&quot;gallery_layout&quot;:&quot;grid&quot;,&quot;columns_tablet&quot;:2,&quot;columns_mobile&quot;:1,&quot;gap&quot;:{&quot;unit&quot;:&quot;px&quot;,&quot;size&quot;:10,&quot;sizes&quot;:[]},&quot;gap_tablet&quot;:{&quot;unit&quot;:&quot;px&quot;,&quot;size&quot;:10,&quot;sizes&quot;:[]},&quot;gap_mobile&quot;:{&quot;unit&quot;:&quot;px&quot;,&quot;size&quot;:10,&quot;sizes&quot;:[]},&quot;link_to&quot;:&quot;file&quot;,&quot;aspect_ratio&quot;:&quot;3:2&quot;,&quot;overlay_background&quot;:&quot;yes&quot;,&quot;content_hover_animation&quot;:&quot;fade-in&quot;}\" data-widget_type=\"gallery.default\">\n\t\t\t\t<div class=\"elementor-widget-container\">\n\t\t\t\t\t\t\t<div class=\"elementor-gallery__container\">\n\t\t\t\t\t\t\t<a class=\"e-gallery-item elementor-gallery-item elementor-animated-content\" href=\"https:\/\/www.dourfestival.eu\/wp-content\/uploads\/2025\/09\/comfort-camping.jpg\" data-elementor-open-lightbox=\"yes\" data-elementor-lightbox-slideshow=\"b3e349f\" data-e-action-hash=\"#elementor-action%3Aaction%3Dlightbox%26settings%3DeyJpZCI6Mjk5MTIsInVybCI6Imh0dHBzOlwvXC93d3cuZG91cmZlc3RpdmFsLmV1XC93cC1jb250ZW50XC91cGxvYWRzXC8yMDI1XC8wOVwvY29tZm9ydC1jYW1waW5nLmpwZyIsInNsaWRlc2hvdyI6ImIzZTM0OWYifQ%3D%3D\">\n\t\t\t\t\t<div class=\"e-gallery-image elementor-gallery-item__image\" data-thumbnail=\"https:\/\/www.dourfestival.eu\/wp-content\/uploads\/2025\/09\/comfort-camping-1024x576.jpg\" data-width=\"800\" data-height=\"450\" aria-label=\"\" role=\"img\" ><\/div>\n\t\t\t\t\t\t\t\t\t\t\t<div class=\"elementor-gallery-item__overlay\"><\/div>\n\t\t\t\t\t\t\t\t\t\t\t\t\t\t<\/a>\n\t\t\t\t\t\t\t<a class=\"e-gallery-item elementor-gallery-item elementor-animated-content\" href=\"https:\/\/www.dourfestival.eu\/wp-content\/uploads\/2025\/09\/massage-comfort-camping-dour.jpg\" data-elementor-open-lightbox=\"yes\" data-elementor-lightbox-slideshow=\"b3e349f\" data-e-action-hash=\"#elementor-action%3Aaction%3Dlightbox%26settings%3DeyJpZCI6Mjk5MTUsInVybCI6Imh0dHBzOlwvXC93d3cuZG91cmZlc3RpdmFsLmV1XC93cC1jb250ZW50XC91cGxvYWRzXC8yMDI1XC8wOVwvbWFzc2FnZS1jb21mb3J0LWNhbXBpbmctZG91ci5qcGciLCJzbGlkZXNob3ciOiJiM2UzNDlmIn0%3D\">\n\t\t\t\t\t<div class=\"e-gallery-image elementor-gallery-item__image\" data-thumbnail=\"https:\/\/www.dourfestival.eu\/wp-content\/uploads\/2025\/09\/massage-comfort-camping-dour-1024x576.jpg\" data-width=\"800\" data-height=\"450\" aria-label=\"\" role=\"img\" ><\/div>\n\t\t\t\t\t\t\t\t\t\t\t<div class=\"elementor-gallery-item__overlay\"><\/div>\n\t\t\t\t\t\t\t\t\t\t\t\t\t\t<\/a>\n\t\t\t\t\t\t\t<a class=\"e-gallery-item elementor-gallery-item elementor-animated-content\" href=\"https:\/\/www.dourfestival.eu\/wp-content\/uploads\/2025\/09\/petit-dej-dour.jpg\" data-elementor-open-lightbox=\"yes\" data-elementor-lightbox-slideshow=\"b3e349f\" data-e-action-hash=\"#elementor-action%3Aaction%3Dlightbox%26settings%3DeyJpZCI6Mjk5MTgsInVybCI6Imh0dHBzOlwvXC93d3cuZG91cmZlc3RpdmFsLmV1XC93cC1jb250ZW50XC91cGxvYWRzXC8yMDI1XC8wOVwvcGV0aXQtZGVqLWRvdXIuanBnIiwic2xpZGVzaG93IjoiYjNlMzQ5ZiJ9\">\n\t\t\t\t\t<div class=\"e-gallery-image elementor-gallery-item__image\" data-thumbnail=\"https:\/\/www.dourfestival.eu\/wp-content\/uploads\/2025\/09\/petit-dej-dour-1024x576.jpg\" data-width=\"800\" data-height=\"450\" aria-label=\"\" role=\"img\" ><\/div>\n\t\t\t\t\t\t\t\t\t\t\t<div class=\"elementor-gallery-item__overlay\"><\/div>\n\t\t\t\t\t\t\t\t\t\t\t\t\t\t<\/a>\n\t\t\t\t\t\t\t<a class=\"e-gallery-item elementor-gallery-item elementor-animated-content\" href=\"https:\/\/www.dourfestival.eu\/wp-content\/uploads\/2025\/09\/sanitaire-dour-festival.jpg\" data-elementor-open-lightbox=\"yes\" data-elementor-lightbox-slideshow=\"b3e349f\" data-e-action-hash=\"#elementor-action%3Aaction%3Dlightbox%26settings%3DeyJpZCI6Mjk5MjEsInVybCI6Imh0dHBzOlwvXC93d3cuZG91cmZlc3RpdmFsLmV1XC93cC1jb250ZW50XC91cGxvYWRzXC8yMDI1XC8wOVwvc2FuaXRhaXJlLWRvdXItZmVzdGl2YWwuanBnIiwic2xpZGVzaG93IjoiYjNlMzQ5ZiJ9\">\n\t\t\t\t\t<div class=\"e-gallery-image elementor-gallery-item__image\" data-thumbnail=\"https:\/\/www.dourfestival.eu\/wp-content\/uploads\/2025\/09\/sanitaire-dour-festival-1024x576.jpg\" data-width=\"800\" data-height=\"450\" aria-label=\"\" role=\"img\" ><\/div>\n\t\t\t\t\t\t\t\t\t\t\t<div class=\"elementor-gallery-item__overlay\"><\/div>\n\t\t\t\t\t\t\t\t\t\t\t\t\t\t<\/a>\n\t\t\t\t\t<\/div>\n\t\t\t\t\t<\/div>\n\t\t\t\t<\/div>\n\t\t\t\t\t<\/div>\n\t\t\t\t<\/div>\n\t\t\t\t<\/div>\n\t\t\t\t<\/div>\n\t\t","protected":false},"excerpt":{"rendered":"<p>Comfort Camping Comfort camping Comfort Camping \u2013 geopend van woensdag 15 juli om 12.00 uur tot maandag 20 juli om 12.00 uur Wil je nog even nagenieten van de festivalsfeer en tegelijkertijd genieten van een echt ontspannend uitje? Dan is Comfort Camping echt iets voor jou! Het is de ideale plek om je batterijen op [&hellip;]<\/p>\n","protected":false},"author":14,"featured_media":29912,"parent":31215,"menu_order":0,"comment_status":"closed","ping_status":"closed","template":"","meta":{"_seopress_robots_primary_cat":"","_seopress_titles_title":"Comfort Camping - Dour Festival 2026","_seopress_titles_desc":"%%post_excerpt%%","_seopress_robots_index":"","footnotes":""},"class_list":["post-31205","page","type-page","status-publish","has-post-thumbnail"],"_links":{"self":[{"href":"https:\/\/www.dourfestival.eu\/nl\/wp-json\/wp\/v2\/pages\/31205","targetHints":{"allow":["GET"]}}],"collection":[{"href":"https:\/\/www.dourfestival.eu\/nl\/wp-json\/wp\/v2\/pages"}],"about":[{"href":"https:\/\/www.dourfestival.eu\/nl\/wp-json\/wp\/v2\/types\/page"}],"author":[{"embeddable":true,"href":"https:\/\/www.dourfestival.eu\/nl\/wp-json\/wp\/v2\/users\/14"}],"replies":[{"embeddable":true,"href":"https:\/\/www.dourfestival.eu\/nl\/wp-json\/wp\/v2\/comments?post=31205"}],"version-history":[{"count":0,"href":"https:\/\/www.dourfestival.eu\/nl\/wp-json\/wp\/v2\/pages\/31205\/revisions"}],"up":[{"embeddable":true,"href":"https:\/\/www.dourfestival.eu\/nl\/wp-json\/wp\/v2\/pages\/31215"}],"wp:featuredmedia":[{"embeddable":true,"href":"https:\/\/www.dourfestival.eu\/nl\/wp-json\/wp\/v2\/media\/29912"}],"wp:attachment":[{"href":"https:\/\/www.dourfestival.eu\/nl\/wp-json\/wp\/v2\/media?parent=31205"}],"curies":[{"name":"wp","href":"https:\/\/api.w.org\/{rel}","templated":true}]}}